{"id":154,"date":"2020-01-17T11:31:07","date_gmt":"2020-01-17T10:31:07","guid":{"rendered":"https:\/\/www.djfiks.de\/eventdj\/?page_id=154"},"modified":"2026-04-08T14:14:05","modified_gmt":"2026-04-08T12:14:05","slug":"impressum","status":"publish","type":"page","link":"https:\/\/www.eventdjs.berlin\/en\/impressum\/","title":{"rendered":"Impressum"},"content":{"rendered":"<div class=\"fusion-fullwidth fullwidth-box fusion-builder-row-1 nonhundred-percent-fullwidth non-hundred-percent-height-scrolling\" style=\"--awb-border-radius-top-left:0px;--awb-border-radius-top-right:0px;--awb-border-radius-bottom-right:0px;--awb-border-radius-bottom-left:0px;--awb-flex-wrap:wrap;\" ><div class=\"fusion-builder-row fusion-row\"><div class=\"fusion-layout-column fusion_builder_column fusion-builder-column-0 fusion_builder_column_1_1 1_1 fusion-one-full fusion-column-first fusion-column-last\" style=\"--awb-bg-size:cover;\"><div class=\"fusion-column-wrapper fusion-column-has-shadow fusion-flex-column-wrapper-legacy\"><div class=\"fusion-title title fusion-title-1 sep-underline sep-solid fusion-title-text fusion-title-size-one\"><h1 class=\"fusion-title-heading title-heading-left fusion-responsive-typography-calculated\" style=\"margin:0;--fontSize:45;line-height:1.2;\">Impressum<\/h1><\/div><div class=\"fusion-text fusion-text-1\" style=\"--awb-text-transform:none;\"><h2><b>EVENT DJs Berlin<\/b><\/h2>\n<p class=\"p3\">Kooperation selbstst\u00e4ndig t\u00e4tiger DJs<\/p>\n<hr \/>\n<h3><b>Anbieter gem\u00e4\u00df \u00a7 5 TMG<\/b><\/h3>\n<p class=\"p3\">Malte Ortmann<\/p>\n<p class=\"p3\">Gothaer Str. 5<\/p>\n<p class=\"p3\">10823 Berlin<\/p>\n<p class=\"p3\">E-Mail: contact@djfiks.de<\/p>\n<hr \/>\n<h3><b>Verantwortlich f\u00fcr den Inhalt nach \u00a7 18 Abs. 2 MStV<\/b><\/h3>\n<p class=\"p3\">Malte Ortmann<\/p>\n<p class=\"p3\">Gothaer Str. 5<\/p>\n<p class=\"p3\">10823 Berlin<\/p>\n<hr \/>\n<h3><b>Vertragspartner<\/b><\/h3>\n<p class=\"p3\">Die \u00fcber diese Website angebotenen DJ-Dienstleistungen werden von selbstst\u00e4ndig t\u00e4tigen DJs erbracht.<\/p>\n<p class=\"p3\">Vertragspartner wird jeweils der im Angebot ausdr\u00fccklich benannte DJ.<\/p>\n<hr \/>\n<h3><b>EU-Streitschlichtung<\/b><\/h3>\n<p class=\"p3\">Die Europ\u00e4ische Kommission stellt eine Plattform zur Online-Streitbeilegung bereit:<\/p>\n<p class=\"p3\"><a href=\"https:\/\/ec.europa.eu\/odr\">https:\/\/ec.europa.eu\/odr<\/a><\/p>\n<p class=\"p3\">Wir sind nicht verpflichtet und nicht bereit, an Streitbeilegungsverfahren vor einer Verbraucherschlichtungsstelle teilzunehmen.<\/p>\n<\/div><div class=\"fusion-clearfix\"><\/div><\/div><\/div><\/div><\/div>","protected":false},"excerpt":{"rendered":"","protected":false},"author":1,"featured_media":0,"parent":0,"menu_order":0,"comment_status":"closed","ping_status":"closed","template":"","meta":{"footnotes":""},"class_list":["post-154","page","type-page","status-publish","hentry"],"yoast_head":"<!-- This site is optimized with the Yoast SEO plugin v25.5 - https:\/\/yoast.com\/wordpress\/plugins\/seo\/ -->\n<title>Impressum | EVENT DJs BERLIN<\/title>\n<meta name=\"description\" content=\"EVENT DJs in Berlin: besondere Veranstaltungen durch individuelles Musikkonzept sowie professionelle Licht- &amp; Musikanlage. Der Sound f\u00fcr Ihren Erfolg!\" \/>\n<meta name=\"robots\" content=\"index, follow, max-snippet:-1, max-image-preview:large, max-video-preview:-1\" \/>\n<link rel=\"canonical\" href=\"https:\/\/www.eventdjs.berlin\/en\/impressum\/\" \/>\n<meta property=\"og:locale\" content=\"en_US\" \/>\n<meta property=\"og:type\" content=\"article\" \/>\n<meta property=\"og:title\" content=\"Impressum | EVENT DJs BERLIN\" \/>\n<meta property=\"og:description\" content=\"EVENT DJs in Berlin: besondere Veranstaltungen durch individuelles Musikkonzept sowie professionelle Licht- &amp; Musikanlage. Der Sound f\u00fcr Ihren Erfolg!\" \/>\n<meta property=\"og:url\" content=\"https:\/\/www.eventdjs.berlin\/en\/impressum\/\" \/>\n<meta property=\"og:site_name\" content=\"EVENT DJs BERLIN\" \/>\n<meta property=\"article:modified_time\" content=\"2026-04-08T12:14:05+00:00\" \/>\n<meta property=\"og:image\" content=\"https:\/\/www.eventdjs.berlin\/wp-content\/uploads\/sites\/7\/2025\/09\/EventDJsBerlin.png\" \/>\n\t<meta property=\"og:image:width\" content=\"1200\" \/>\n\t<meta property=\"og:image:height\" content=\"630\" \/>\n\t<meta property=\"og:image:type\" content=\"image\/png\" \/>\n<meta name=\"twitter:card\" content=\"summary_large_image\" \/>\n<meta name=\"twitter:label1\" content=\"Est. reading time\" \/>\n\t<meta name=\"twitter:data1\" content=\"1 minute\" \/>\n<script type=\"application\/ld+json\" class=\"yoast-schema-graph\">{\"@context\":\"https:\/\/schema.org\",\"@graph\":[{\"@type\":\"WebPage\",\"@id\":\"https:\/\/www.eventdjs.berlin\/impressum\/\",\"url\":\"https:\/\/www.eventdjs.berlin\/impressum\/\",\"name\":\"Impressum | EVENT DJs BERLIN\",\"isPartOf\":{\"@id\":\"https:\/\/www.eventdjs.berlin\/#website\"},\"datePublished\":\"2020-01-17T10:31:07+00:00\",\"dateModified\":\"2026-04-08T12:14:05+00:00\",\"description\":\"EVENT DJs in Berlin: besondere Veranstaltungen durch individuelles Musikkonzept sowie professionelle Licht- & Musikanlage. Der Sound f\u00fcr Ihren Erfolg!\",\"breadcrumb\":{\"@id\":\"https:\/\/www.eventdjs.berlin\/impressum\/#breadcrumb\"},\"inLanguage\":\"en-US\",\"potentialAction\":[{\"@type\":\"ReadAction\",\"target\":[\"https:\/\/www.eventdjs.berlin\/impressum\/\"]}]},{\"@type\":\"BreadcrumbList\",\"@id\":\"https:\/\/www.eventdjs.berlin\/impressum\/#breadcrumb\",\"itemListElement\":[{\"@type\":\"ListItem\",\"position\":1,\"name\":\"Startseite\",\"item\":\"https:\/\/www.eventdjs.berlin\/\"},{\"@type\":\"ListItem\",\"position\":2,\"name\":\"Impressum\"}]},{\"@type\":\"WebSite\",\"@id\":\"https:\/\/www.eventdjs.berlin\/#website\",\"url\":\"https:\/\/www.eventdjs.berlin\/\",\"name\":\"Event DJs Berlin - Professionell \u2714\ufe0f Pers\u00f6nlich \u2714\ufe0f Sound & Emotions \ud83c\udfb6\",\"description\":\"Event DJs Berlin\",\"publisher\":{\"@id\":\"https:\/\/www.eventdjs.berlin\/#organization\"},\"potentialAction\":[{\"@type\":\"SearchAction\",\"target\":{\"@type\":\"EntryPoint\",\"urlTemplate\":\"https:\/\/www.eventdjs.berlin\/?s={search_term_string}\"},\"query-input\":{\"@type\":\"PropertyValueSpecification\",\"valueRequired\":true,\"valueName\":\"search_term_string\"}}],\"inLanguage\":\"en-US\"},{\"@type\":\"Organization\",\"@id\":\"https:\/\/www.eventdjs.berlin\/#organization\",\"name\":\"EVENT DJs Berlin\",\"url\":\"https:\/\/www.eventdjs.berlin\/\",\"logo\":{\"@type\":\"ImageObject\",\"inLanguage\":\"en-US\",\"@id\":\"https:\/\/www.eventdjs.berlin\/#\/schema\/logo\/image\/\",\"url\":\"https:\/\/www.eventdjs.berlin\/wp-content\/uploads\/sites\/7\/2023\/04\/EVENT-DJs-Main-Logo-800x400_web.png\",\"contentUrl\":\"https:\/\/www.eventdjs.berlin\/wp-content\/uploads\/sites\/7\/2023\/04\/EVENT-DJs-Main-Logo-800x400_web.png\",\"width\":800,\"height\":413,\"caption\":\"EVENT DJs Berlin\"},\"image\":{\"@id\":\"https:\/\/www.eventdjs.berlin\/#\/schema\/logo\/image\/\"},\"sameAs\":[\"https:\/\/www.instagram.com\/eventdjs.berlin\"]}]}<\/script>\n<!-- \/ Yoast SEO plugin. -->","yoast_head_json":{"title":"Impressum | EVENT DJs BERLIN","description":"EVENT DJs in Berlin: besondere Veranstaltungen durch individuelles Musikkonzept sowie professionelle Licht- & Musikanlage. Der Sound f\u00fcr Ihren Erfolg!","robots":{"index":"index","follow":"follow","max-snippet":"max-snippet:-1","max-image-preview":"max-image-preview:large","max-video-preview":"max-video-preview:-1"},"canonical":"https:\/\/www.eventdjs.berlin\/en\/impressum\/","og_locale":"en_US","og_type":"article","og_title":"Impressum | EVENT DJs BERLIN","og_description":"EVENT DJs in Berlin: besondere Veranstaltungen durch individuelles Musikkonzept sowie professionelle Licht- & Musikanlage. Der Sound f\u00fcr Ihren Erfolg!","og_url":"https:\/\/www.eventdjs.berlin\/en\/impressum\/","og_site_name":"EVENT DJs BERLIN","article_modified_time":"2026-04-08T12:14:05+00:00","og_image":[{"width":1200,"height":630,"url":"https:\/\/www.eventdjs.berlin\/wp-content\/uploads\/sites\/7\/2025\/09\/EventDJsBerlin.png","type":"image\/png"}],"twitter_card":"summary_large_image","twitter_misc":{"Est. reading time":"1 minute"},"schema":{"@context":"https:\/\/schema.org","@graph":[{"@type":"WebPage","@id":"https:\/\/www.eventdjs.berlin\/impressum\/","url":"https:\/\/www.eventdjs.berlin\/impressum\/","name":"Impressum | EVENT DJs BERLIN","isPartOf":{"@id":"https:\/\/www.eventdjs.berlin\/#website"},"datePublished":"2020-01-17T10:31:07+00:00","dateModified":"2026-04-08T12:14:05+00:00","description":"EVENT DJs in Berlin: besondere Veranstaltungen durch individuelles Musikkonzept sowie professionelle Licht- & Musikanlage. Der Sound f\u00fcr Ihren Erfolg!","breadcrumb":{"@id":"https:\/\/www.eventdjs.berlin\/impressum\/#breadcrumb"},"inLanguage":"en-US","potentialAction":[{"@type":"ReadAction","target":["https:\/\/www.eventdjs.berlin\/impressum\/"]}]},{"@type":"BreadcrumbList","@id":"https:\/\/www.eventdjs.berlin\/impressum\/#breadcrumb","itemListElement":[{"@type":"ListItem","position":1,"name":"Startseite","item":"https:\/\/www.eventdjs.berlin\/"},{"@type":"ListItem","position":2,"name":"Impressum"}]},{"@type":"WebSite","@id":"https:\/\/www.eventdjs.berlin\/#website","url":"https:\/\/www.eventdjs.berlin\/","name":"Event DJs Berlin - Professionell \u2714\ufe0f Pers\u00f6nlich \u2714\ufe0f Sound & Emotions \ud83c\udfb6","description":"Event DJs Berlin","publisher":{"@id":"https:\/\/www.eventdjs.berlin\/#organization"},"potentialAction":[{"@type":"SearchAction","target":{"@type":"EntryPoint","urlTemplate":"https:\/\/www.eventdjs.berlin\/?s={search_term_string}"},"query-input":{"@type":"PropertyValueSpecification","valueRequired":true,"valueName":"search_term_string"}}],"inLanguage":"en-US"},{"@type":"Organization","@id":"https:\/\/www.eventdjs.berlin\/#organization","name":"EVENT DJs Berlin","url":"https:\/\/www.eventdjs.berlin\/","logo":{"@type":"ImageObject","inLanguage":"en-US","@id":"https:\/\/www.eventdjs.berlin\/#\/schema\/logo\/image\/","url":"https:\/\/www.eventdjs.berlin\/wp-content\/uploads\/sites\/7\/2023\/04\/EVENT-DJs-Main-Logo-800x400_web.png","contentUrl":"https:\/\/www.eventdjs.berlin\/wp-content\/uploads\/sites\/7\/2023\/04\/EVENT-DJs-Main-Logo-800x400_web.png","width":800,"height":413,"caption":"EVENT DJs Berlin"},"image":{"@id":"https:\/\/www.eventdjs.berlin\/#\/schema\/logo\/image\/"},"sameAs":["https:\/\/www.instagram.com\/eventdjs.berlin"]}]}},"_links":{"self":[{"href":"https:\/\/www.eventdjs.berlin\/en\/wp-json\/wp\/v2\/pages\/154","targetHints":{"allow":["GET"]}}],"collection":[{"href":"https:\/\/www.eventdjs.berlin\/en\/wp-json\/wp\/v2\/pages"}],"about":[{"href":"https:\/\/www.eventdjs.berlin\/en\/wp-json\/wp\/v2\/types\/page"}],"author":[{"embeddable":true,"href":"https:\/\/www.eventdjs.berlin\/en\/wp-json\/wp\/v2\/users\/1"}],"replies":[{"embeddable":true,"href":"https:\/\/www.eventdjs.berlin\/en\/wp-json\/wp\/v2\/comments?post=154"}],"version-history":[{"count":0,"href":"https:\/\/www.eventdjs.berlin\/en\/wp-json\/wp\/v2\/pages\/154\/revisions"}],"wp:attachment":[{"href":"https:\/\/www.eventdjs.berlin\/en\/wp-json\/wp\/v2\/media?parent=154"}],"curies":[{"name":"wp","href":"https:\/\/api.w.org\/{rel}","templated":true}]}}